{"id":33,"date":"2024-02-20T16:30:57","date_gmt":"2024-02-20T15:30:57","guid":{"rendered":"http:\/\/www.lebarbufoodtruck.fr\/?page_id=33"},"modified":"2024-02-20T16:30:57","modified_gmt":"2024-02-20T15:30:57","slug":"philosophie","status":"publish","type":"page","link":"http:\/\/www.lebarbufoodtruck.fr\/index.php\/philosophie\/","title":{"rendered":"Philosophie"},"content":{"rendered":"\n<p><strong>Notre Philosophie<\/strong><br>Au coeur de notre cuisine se trouvent les produits bruts soigneusement s\u00e9lectionn\u00e9s aupr\u00e8s des producteurs locaux.<br>Nous croyons en un approvisionnement en circuit court, favorisant ainsi la qualit\u00e9 des ingr\u00e9dients tout en soutenant l\u2019\u00e9conomie locale.<br>Le Barbu est bien plus qu\u2019un food-truck, c\u2019est un engagement envers une gastronomie responsable.<br><\/p>\n\n\n\n<p><strong>Engagement \u00e9cologique<\/strong><br>Chez Le Barbu, nous prenons \u00e0 coeur la r\u00e9duction de notre empreinte environnementale. Nous nous effor\u00e7ons de minimiser les d\u00e9chets et les emballages, contribuant ainsi \u00e0 une approche durable de la cuisine de rue.<\/p>\n","protected":false},"excerpt":{"rendered":"<p>Notre PhilosophieAu coeur de notre cuisine se trouvent les produits bruts soigneusement s\u00e9lectionn\u00e9s aupr\u00e8s des producteurs locaux.Nous croyons en un approvisionnement en circuit court, favorisant ainsi la qualit\u00e9 des ingr\u00e9dients tout en soutenant l\u2019\u00e9conomie locale.Le Barbu est bien plus qu\u2019un food-truck, c\u2019est un engagement envers une gastronomie responsable. Engagement \u00e9cologiqueChez Le Barbu, nous prenons \u00e0 [&hellip;]<\/p>\n","protected":false},"author":1,"featured_media":0,"parent":0,"menu_order":0,"comment_status":"closed","ping_status":"closed","template":"","meta":{"footnotes":""},"class_list":["post-33","page","type-page","status-publish","hentry"],"_links":{"self":[{"href":"http:\/\/www.lebarbufoodtruck.fr\/index.php\/wp-json\/wp\/v2\/pages\/33","targetHints":{"allow":["GET"]}}],"collection":[{"href":"http:\/\/www.lebarbufoodtruck.fr\/index.php\/wp-json\/wp\/v2\/pages"}],"about":[{"href":"http:\/\/www.lebarbufoodtruck.fr\/index.php\/wp-json\/wp\/v2\/types\/page"}],"author":[{"embeddable":true,"href":"http:\/\/www.lebarbufoodtruck.fr\/index.php\/wp-json\/wp\/v2\/users\/1"}],"replies":[{"embeddable":true,"href":"http:\/\/www.lebarbufoodtruck.fr\/index.php\/wp-json\/wp\/v2\/comments?post=33"}],"version-history":[{"count":1,"href":"http:\/\/www.lebarbufoodtruck.fr\/index.php\/wp-json\/wp\/v2\/pages\/33\/revisions"}],"predecessor-version":[{"id":35,"href":"http:\/\/www.lebarbufoodtruck.fr\/index.php\/wp-json\/wp\/v2\/pages\/33\/revisions\/35"}],"wp:attachment":[{"href":"http:\/\/www.lebarbufoodtruck.fr\/index.php\/wp-json\/wp\/v2\/media?parent=33"}],"curies":[{"name":"wp","href":"https:\/\/api.w.org\/{rel}","templated":true}]}}