{"id":47,"date":"2024-02-20T18:51:23","date_gmt":"2024-02-20T17:51:23","guid":{"rendered":"http:\/\/www.lebarbufoodtruck.fr\/?page_id=47"},"modified":"2024-06-19T08:14:31","modified_gmt":"2024-06-19T06:14:31","slug":"ou-nous-trouver","status":"publish","type":"page","link":"http:\/\/www.lebarbufoodtruck.fr\/","title":{"rendered":"O\u00f9 nous trouver"},"content":{"rendered":"\n<p>Dates et emplacements \u00e0 venir<\/p>\n\n\n\n<p><\/p>\n\n\n\n<p>27 f\u00e9vrier midi : privatisation<\/p>\n\n\n\n<p>10 avril midi : Locavorium, Saint-Jean-de-Vedas<\/p>\n\n\n\n<p>15 avril midi : privatisation<\/p>\n\n\n\n<p>17 avril midi : Locavorium, Saint-Jean-de-Vedas<\/p>\n\n\n\n<p>19 avril soir : Le Dancing, S\u00e8te<\/p>\n\n\n\n<p>23 avril midi : privatisation<\/p>\n\n\n\n<p>24 avril midi : Locavorium, Saint-Jean-de-Vedas<\/p>\n\n\n\n<p>27 avril midi et soir : Mat&#8217;wheels #2, Les Matelles (annul\u00e9 cause m\u00e9t\u00e9o)<\/p>\n\n\n\n<p>11 mai midi : Leroy Merlin, Saint-Jean-de-Vedas<\/p>\n\n\n\n<p>15 mai midi : Locavorium, Saint-Jean-de-Vedas<\/p>\n\n\n\n<p>16 mai midi : Crealead, Montpellier<\/p>\n\n\n\n<p>18 mai midi : Leroy Merlin, Saint-Jean-de-Vedas<\/p>\n\n\n\n<p>22 mai midi : Locavorium, Saint-Jean-de-Vedas<\/p>\n\n\n\n<p>23 mai midi : Crealead, Montpellier<\/p>\n\n\n\n<p>24 mai soir : f\u00eate de l&#8217;\u00e9cole de musique, Balaruc-le-Vieux<\/p>\n\n\n\n<p>29 mai midi : Locavorium, Saint-Jean-de-Vedas<\/p>\n\n\n\n<p>30 mai midi : Crealead, Montpellier<\/p>\n\n\n\n<p>31 mai soir : Domaine de Bayssan, B\u00e9ziers<\/p>\n\n\n\n<p>6 juin midi : Crealead, Montpellier<\/p>\n\n\n\n<p>7 et 8 juin soirs : Scopie Fun Fest, Balaruc-le-Vieux<\/p>\n\n\n\n<p>13 juin midi : Crealead, Montpellier<\/p>\n\n\n\n<p>15 juin midi : Leroy Merlin, Saint-Jean-de-Vedas<\/p>\n\n\n\n<p>20 juin midi : Crealead, Montpellier<\/p>\n\n\n\n<p>21 juin soir : f\u00eate de la musique, Aigues-Vives <\/p>\n\n\n\n<p>22 juin midi : Leroy Merlin, Saint-Jean-de-Vedas<\/p>\n\n\n\n<p>25 juin midi : privatisation<\/p>\n\n\n\n<p>27 juin midi : Crealead, Montpellier<\/p>\n\n\n\n<p>29 juin soir : Domaine de Bayssan, B\u00e9ziers<\/p>\n\n\n\n<p>4 juillet midi : Crealead, Montpellier<\/p>\n\n\n\n<p>5 juillet soir : Les estivales, Vendargues<\/p>\n\n\n\n<p>6 juillet soir : Les Onglous, Marseillan<\/p>\n\n\n\n<p>11 juillet soir : Mas de Jacquet, Vic-la-Gardiole<\/p>\n\n\n\n<p>13 juillet soir : feu d&#8217;artifice, B\u00e9ziers<\/p>\n\n\n\n<p>18 juillet soir : Domaine de Bayssan, B\u00e9ziers<\/p>\n\n\n\n<p>20 juillet soir : Domaine de Bayssan, B\u00e9ziers<\/p>\n\n\n\n<p>23 juillet soir : Mas de Jacquet, Vic-la-Gardiole<\/p>\n\n\n\n<p>25 juillet soir : Mas de Jacquet, Vic-la-Gardiole<\/p>\n\n\n\n<p>26 et 27 juillet : Festival Jazzoparc, Anduze<\/p>\n\n\n\n<p>10 ao\u00fbt midi : Leroy Merlin, Saint-Jean-de-Vedas<\/p>\n\n\n\n<p>13 ao\u00fbt soir : Mas de Jacquet, Vic-la-Gardiole<\/p>\n\n\n\n<p>15 ao\u00fbt soir : Mas de Jacquet, Vic-la-Gardiole<\/p>\n\n\n\n<p>17 ao\u00fbt midi : Leroy Merlin, Saint-Jean-de-Vedas<\/p>\n\n\n\n<p>17 ao\u00fbt soir : la croustillade, Clermont-l&#8217;H\u00e9rault<\/p>\n\n\n\n<p>21 ao\u00fbt soir : Les estivales, Vendargues<\/p>\n\n\n\n<p>24 ao\u00fbt midi : Leroy Merlin, Saint-Jean-de-Vedas<\/p>\n\n\n\n<p>31 ao\u00fbt midi : Leroy Merlin, Saint-Jean-de-Vedas<\/p>\n","protected":false},"excerpt":{"rendered":"<p>Dates et emplacements \u00e0 venir 27 f\u00e9vrier midi : privatisation 10 avril midi : Locavorium, Saint-Jean-de-Vedas 15 avril midi : privatisation 17 avril midi : Locavorium, Saint-Jean-de-Vedas 19 avril soir : Le Dancing, S\u00e8te 23 avril midi : privatisation 24 avril midi : Locavorium, Saint-Jean-de-Vedas 27 avril midi et soir : Mat&#8217;wheels #2, Les Matelles [&hellip;]<\/p>\n","protected":false},"author":1,"featured_media":0,"parent":0,"menu_order":0,"comment_status":"closed","ping_status":"closed","template":"","meta":{"footnotes":""},"class_list":["post-47","page","type-page","status-publish","hentry"],"_links":{"self":[{"href":"http:\/\/www.lebarbufoodtruck.fr\/index.php\/wp-json\/wp\/v2\/pages\/47","targetHints":{"allow":["GET"]}}],"collection":[{"href":"http:\/\/www.lebarbufoodtruck.fr\/index.php\/wp-json\/wp\/v2\/pages"}],"about":[{"href":"http:\/\/www.lebarbufoodtruck.fr\/index.php\/wp-json\/wp\/v2\/types\/page"}],"author":[{"embeddable":true,"href":"http:\/\/www.lebarbufoodtruck.fr\/index.php\/wp-json\/wp\/v2\/users\/1"}],"replies":[{"embeddable":true,"href":"http:\/\/www.lebarbufoodtruck.fr\/index.php\/wp-json\/wp\/v2\/comments?post=47"}],"version-history":[{"count":9,"href":"http:\/\/www.lebarbufoodtruck.fr\/index.php\/wp-json\/wp\/v2\/pages\/47\/revisions"}],"predecessor-version":[{"id":105,"href":"http:\/\/www.lebarbufoodtruck.fr\/index.php\/wp-json\/wp\/v2\/pages\/47\/revisions\/105"}],"wp:attachment":[{"href":"http:\/\/www.lebarbufoodtruck.fr\/index.php\/wp-json\/wp\/v2\/media?parent=47"}],"curies":[{"name":"wp","href":"https:\/\/api.w.org\/{rel}","templated":true}]}}